{"id":33173,"date":"2023-01-08T14:07:13","date_gmt":"2023-01-08T14:07:13","guid":{"rendered":"https:\/\/marruecosrutas4x4.com\/excursions\/"},"modified":"2024-10-21T17:52:30","modified_gmt":"2024-10-21T17:52:30","slug":"excursions","status":"publish","type":"page","link":"https:\/\/marruecosrutas4x4.com\/es\/excursions\/","title":{"rendered":"Excursions"},"content":{"rendered":"\t\t<div data-elementor-type=\"wp-page\" data-elementor-id=\"33173\" class=\"elementor elementor-33173\">\n\t\t\t\t\t\t<section class=\"elementor-section elementor-top-section elementor-element elementor-element-485fbc1 elementor-section-boxed elementor-section-height-default elementor-section-height-default\" data-id=\"485fbc1\" data-element_type=\"section\" data-e-type=\"section\">\n\t\t\t\t\t\t<div class=\"elementor-container elementor-column-gap-default\">\n\t\t\t\t\t<div class=\"elementor-column elementor-col-100 elementor-top-column elementor-element elementor-element-48f809f\" data-id=\"48f809f\" data-element_type=\"column\" data-e-type=\"column\">\n\t\t\t<div class=\"elementor-widget-wrap elementor-element-populated\">\n\t\t\t\t\t\t<div class=\"elementor-element elementor-element-2120a33 elementor-widget elementor-widget-spacer\" data-id=\"2120a33\" data-element_type=\"widget\" data-e-type=\"widget\" data-widget_type=\"spacer.default\">\n\t\t\t\t<div class=\"elementor-widget-container\">\n\t\t\t\t\t\t\t<div class=\"elementor-spacer\">\n\t\t\t<div class=\"elementor-spacer-inner\"><\/div>\n\t\t<\/div>\n\t\t\t\t\t\t<\/div>\n\t\t\t\t<\/div>\n\t\t\t\t\t<\/div>\n\t\t<\/div>\n\t\t\t\t\t<\/div>\n\t\t<\/section>\n\t\t\t\t<section class=\"elementor-section elementor-top-section elementor-element elementor-element-3b9f98a elementor-section-boxed elementor-section-height-default elementor-section-height-default\" data-id=\"3b9f98a\" data-element_type=\"section\" data-e-type=\"section\">\n\t\t\t\t\t\t<div class=\"elementor-container elementor-column-gap-default\">\n\t\t\t\t\t<div class=\"elementor-column elementor-col-50 elementor-top-column elementor-element elementor-element-433c07a\" data-id=\"433c07a\" data-element_type=\"column\" data-e-type=\"column\">\n\t\t\t<div class=\"elementor-widget-wrap elementor-element-populated\">\n\t\t\t\t\t\t<div class=\"elementor-element elementor-element-6143883 elementor-widget elementor-widget-image\" data-id=\"6143883\" data-element_type=\"widget\" data-e-type=\"widget\" data-widget_type=\"image.default\">\n\t\t\t\t<div class=\"elementor-widget-container\">\n\t\t\t\t\t\t\t\t\t\t\t\t\t\t\t<img fetchpriority=\"high\" decoding=\"async\" width=\"500\" height=\"500\" src=\"https:\/\/marruecosrutas4x4.com\/wp-content\/uploads\/2024\/10\/maruecos-rutas-9.png\" class=\"attachment-large size-large wp-image-32847\" alt=\"\" srcset=\"https:\/\/marruecosrutas4x4.com\/wp-content\/uploads\/2024\/10\/maruecos-rutas-9.png 500w, https:\/\/marruecosrutas4x4.com\/wp-content\/uploads\/2024\/10\/maruecos-rutas-9-300x300.png 300w, https:\/\/marruecosrutas4x4.com\/wp-content\/uploads\/2024\/10\/maruecos-rutas-9-150x150.png 150w, https:\/\/marruecosrutas4x4.com\/wp-content\/uploads\/2024\/10\/maruecos-rutas-9-100x100.png 100w, https:\/\/marruecosrutas4x4.com\/wp-content\/uploads\/2024\/10\/maruecos-rutas-9-450x450.png 450w\" sizes=\"(max-width: 500px) 100vw, 500px\" \/>\t\t\t\t\t\t\t\t\t\t\t\t\t\t\t<\/div>\n\t\t\t\t<\/div>\n\t\t\t\t<div class=\"elementor-element elementor-element-16f3d46 elementor-widget elementor-widget-text-editor\" data-id=\"16f3d46\" data-element_type=\"widget\" data-e-type=\"widget\" data-widget_type=\"text-editor.default\">\n\t\t\t\t<div class=\"elementor-widget-container\">\n\t\t\t\t\t\t\t\t\t<div class=\"flex max-w-full flex-col flex-grow\">\n<div class=\"min-h-8 text-message flex w-full flex-col items-end gap-2 whitespace-normal break-words [.text-message+&amp;]:mt-5\" dir=\"auto\" data-message-author-role=\"assistant\" data-message-id=\"213f9d79-5949-444a-9e75-0480cf2cc631\" data-message-model-slug=\"gpt-4o\">\n<div class=\"flex w-full flex-col gap-1 empty:hidden first:pt-[3px]\">\n<div class=\"markdown prose w-full break-words dark:prose-invert light\">\n<p>Nos aseguramos de que nuestros viajeros experimenten los mejores alojamientos que Marruecos tiene para ofrecer, desde hoteles de lujo hasta aut\u00e9nticas kasbahs. Cada estancia es cuidadosamente seleccionada para brindar comodidad, elegancia y un verdadero sabor de la hospitalidad marroqu\u00ed, creando momentos inolvidables de relajaci\u00f3n en medio de la rica cultura y los impresionantes paisajes del pa\u00eds. <\/p>\n<\/div>\n<\/div>\n<\/div>\n<\/div>\n\t\t\t\t\t\t\t\t<\/div>\n\t\t\t\t<\/div>\n\t\t\t\t\t<\/div>\n\t\t<\/div>\n\t\t\t\t<div class=\"elementor-column elementor-col-50 elementor-top-column elementor-element elementor-element-c8dcdd7\" data-id=\"c8dcdd7\" data-element_type=\"column\" data-e-type=\"column\">\n\t\t\t<div class=\"elementor-widget-wrap elementor-element-populated\">\n\t\t\t\t\t\t<div class=\"elementor-element elementor-element-4893012 elementor-widget elementor-widget-image\" data-id=\"4893012\" data-element_type=\"widget\" data-e-type=\"widget\" data-widget_type=\"image.default\">\n\t\t\t\t<div class=\"elementor-widget-container\">\n\t\t\t\t\t\t\t\t\t\t\t\t\t\t\t<img decoding=\"async\" width=\"500\" height=\"500\" src=\"https:\/\/marruecosrutas4x4.com\/wp-content\/uploads\/2024\/10\/maruecos-rutas-5.png\" class=\"attachment-large size-large wp-image-32843\" alt=\"\" srcset=\"https:\/\/marruecosrutas4x4.com\/wp-content\/uploads\/2024\/10\/maruecos-rutas-5.png 500w, https:\/\/marruecosrutas4x4.com\/wp-content\/uploads\/2024\/10\/maruecos-rutas-5-300x300.png 300w, https:\/\/marruecosrutas4x4.com\/wp-content\/uploads\/2024\/10\/maruecos-rutas-5-150x150.png 150w, https:\/\/marruecosrutas4x4.com\/wp-content\/uploads\/2024\/10\/maruecos-rutas-5-100x100.png 100w, https:\/\/marruecosrutas4x4.com\/wp-content\/uploads\/2024\/10\/maruecos-rutas-5-450x450.png 450w\" sizes=\"(max-width: 500px) 100vw, 500px\" \/>\t\t\t\t\t\t\t\t\t\t\t\t\t\t\t<\/div>\n\t\t\t\t<\/div>\n\t\t\t\t<div class=\"elementor-element elementor-element-9b8d783 elementor-widget elementor-widget-text-editor\" data-id=\"9b8d783\" data-element_type=\"widget\" data-e-type=\"widget\" data-widget_type=\"text-editor.default\">\n\t\t\t\t<div class=\"elementor-widget-container\">\n\t\t\t\t\t\t\t\t\t<p>Un viaje inolvidable por el Sahara con nuestras caravanas tradicionales de camellos. Mientras atraviesas el vasto paisaje des\u00e9rtico, tal como lo han hecho los n\u00f3madas durante siglos, experimentar\u00e1s la belleza atemporal de las dunas ondulantes y el horizonte infinito. Esta pac\u00edfica y aut\u00e9ntica aventura te ofrece una verdadera conexi\u00f3n con el alma del desierto, permiti\u00e9ndote viajar en los pasos de los antiguos comerciantes, rodeado de la tranquilidad del Sahara.  <\/p>\n\t\t\t\t\t\t\t\t<\/div>\n\t\t\t\t<\/div>\n\t\t\t\t\t<\/div>\n\t\t<\/div>\n\t\t\t\t\t<\/div>\n\t\t<\/section>\n\t\t\t\t<section class=\"elementor-section elementor-top-section elementor-element elementor-element-0de480b elementor-section-boxed elementor-section-height-default elementor-section-height-default\" data-id=\"0de480b\" data-element_type=\"section\" data-e-type=\"section\">\n\t\t\t\t\t\t<div class=\"elementor-container elementor-column-gap-default\">\n\t\t\t\t\t<div class=\"elementor-column elementor-col-50 elementor-top-column elementor-element elementor-element-207fb7c\" data-id=\"207fb7c\" data-element_type=\"column\" data-e-type=\"column\">\n\t\t\t<div class=\"elementor-widget-wrap elementor-element-populated\">\n\t\t\t\t\t\t<div class=\"elementor-element elementor-element-bd87bf2 elementor-widget elementor-widget-image\" data-id=\"bd87bf2\" data-element_type=\"widget\" data-e-type=\"widget\" data-widget_type=\"image.default\">\n\t\t\t\t<div class=\"elementor-widget-container\">\n\t\t\t\t\t\t\t\t\t\t\t\t\t\t\t<img decoding=\"async\" width=\"500\" height=\"500\" src=\"https:\/\/marruecosrutas4x4.com\/wp-content\/uploads\/2024\/10\/maruecos-rutas-8.png\" class=\"attachment-large size-large wp-image-32846\" alt=\"\" srcset=\"https:\/\/marruecosrutas4x4.com\/wp-content\/uploads\/2024\/10\/maruecos-rutas-8.png 500w, https:\/\/marruecosrutas4x4.com\/wp-content\/uploads\/2024\/10\/maruecos-rutas-8-300x300.png 300w, https:\/\/marruecosrutas4x4.com\/wp-content\/uploads\/2024\/10\/maruecos-rutas-8-150x150.png 150w, https:\/\/marruecosrutas4x4.com\/wp-content\/uploads\/2024\/10\/maruecos-rutas-8-100x100.png 100w, https:\/\/marruecosrutas4x4.com\/wp-content\/uploads\/2024\/10\/maruecos-rutas-8-450x450.png 450w\" sizes=\"(max-width: 500px) 100vw, 500px\" \/>\t\t\t\t\t\t\t\t\t\t\t\t\t\t\t<\/div>\n\t\t\t\t<\/div>\n\t\t\t\t<div class=\"elementor-element elementor-element-eb3064e elementor-widget elementor-widget-text-editor\" data-id=\"eb3064e\" data-element_type=\"widget\" data-e-type=\"widget\" data-widget_type=\"text-editor.default\">\n\t\t\t\t<div class=\"elementor-widget-container\">\n\t\t\t\t\t\t\t\t\t<div class=\"flex max-w-full flex-col flex-grow\">\n<div class=\"min-h-8 text-message flex w-full flex-col items-end gap-2 whitespace-normal break-words [.text-message+&amp;]:mt-5\" dir=\"auto\" data-message-author-role=\"assistant\" data-message-id=\"26688684-1489-46ac-b6da-c37fb4441ff7\" data-message-model-slug=\"gpt-4o\">\n<div class=\"flex w-full flex-col gap-1 empty:hidden first:pt-[3px]\">\n<div class=\"markdown prose w-full break-words dark:prose-invert light\">\n<p>Presenciar la puesta de sol sobre las dunas del Sahara es una experiencia m\u00e1gica como ninguna otra. A medida que el sol se sumerge bajo el horizonte, las arenas doradas se ba\u00f1an en tonos de naranja, rosa y rojo, creando un espect\u00e1culo impresionante. Este momento sereno, rodeado por la inmensidad del desierto, es uno de los puntos culminantes de cualquier viaje al coraz\u00f3n del Sahara.  <\/p>\n<\/div>\n<\/div>\n<\/div>\n<\/div>\n\t\t\t\t\t\t\t\t<\/div>\n\t\t\t\t<\/div>\n\t\t\t\t\t<\/div>\n\t\t<\/div>\n\t\t\t\t<div class=\"elementor-column elementor-col-50 elementor-top-column elementor-element elementor-element-fa152b5\" data-id=\"fa152b5\" data-element_type=\"column\" data-e-type=\"column\">\n\t\t\t<div class=\"elementor-widget-wrap elementor-element-populated\">\n\t\t\t\t\t\t<div class=\"elementor-element elementor-element-a2f85d6 elementor-widget elementor-widget-image\" data-id=\"a2f85d6\" data-element_type=\"widget\" data-e-type=\"widget\" data-widget_type=\"image.default\">\n\t\t\t\t<div class=\"elementor-widget-container\">\n\t\t\t\t\t\t\t\t\t\t\t\t\t\t\t<img loading=\"lazy\" decoding=\"async\" width=\"500\" height=\"500\" src=\"https:\/\/marruecosrutas4x4.com\/wp-content\/uploads\/2024\/10\/maruecos-rutas-10.png\" class=\"attachment-large size-large wp-image-32848\" alt=\"\" srcset=\"https:\/\/marruecosrutas4x4.com\/wp-content\/uploads\/2024\/10\/maruecos-rutas-10.png 500w, https:\/\/marruecosrutas4x4.com\/wp-content\/uploads\/2024\/10\/maruecos-rutas-10-300x300.png 300w, https:\/\/marruecosrutas4x4.com\/wp-content\/uploads\/2024\/10\/maruecos-rutas-10-150x150.png 150w, https:\/\/marruecosrutas4x4.com\/wp-content\/uploads\/2024\/10\/maruecos-rutas-10-100x100.png 100w, https:\/\/marruecosrutas4x4.com\/wp-content\/uploads\/2024\/10\/maruecos-rutas-10-450x450.png 450w\" sizes=\"(max-width: 500px) 100vw, 500px\" \/>\t\t\t\t\t\t\t\t\t\t\t\t\t\t\t<\/div>\n\t\t\t\t<\/div>\n\t\t\t\t<div class=\"elementor-element elementor-element-663cc87 elementor-widget elementor-widget-text-editor\" data-id=\"663cc87\" data-element_type=\"widget\" data-e-type=\"widget\" data-widget_type=\"text-editor.default\">\n\t\t\t\t<div class=\"elementor-widget-container\">\n\t\t\t\t\t\t\t\t\t<p>Nos enorgullece guiar a nuestros visitantes a trav\u00e9s de los mejores sitios hist\u00f3ricos y culturales de Marruecos. Desde las antiguas medinas y los grandes palacios de ciudades como Fez y Marrakech hasta las atemporales ruinas de Volubilis y el majestuoso Ait Benhaddou, cada parada ofrece una profunda conexi\u00f3n con la rica historia de Marruecos. Nuestros tours te sumergen en la vibrante cultura, la impresionante arquitectura y las fascinantes historias que hacen que estos lugares sean inolvidables.  <\/p>\n\t\t\t\t\t\t\t\t<\/div>\n\t\t\t\t<\/div>\n\t\t\t\t\t<\/div>\n\t\t<\/div>\n\t\t\t\t\t<\/div>\n\t\t<\/section>\n\t\t\t\t<section class=\"elementor-section elementor-top-section elementor-element elementor-element-4a6467a elementor-section-boxed elementor-section-height-default elementor-section-height-default\" data-id=\"4a6467a\" data-element_type=\"section\" data-e-type=\"section\">\n\t\t\t\t\t\t<div class=\"elementor-container elementor-column-gap-default\">\n\t\t\t\t\t<div class=\"elementor-column elementor-col-50 elementor-top-column elementor-element elementor-element-de7d8cd\" data-id=\"de7d8cd\" data-element_type=\"column\" data-e-type=\"column\">\n\t\t\t<div class=\"elementor-widget-wrap elementor-element-populated\">\n\t\t\t\t\t\t<div class=\"elementor-element elementor-element-d023908 elementor-widget elementor-widget-image\" data-id=\"d023908\" data-element_type=\"widget\" data-e-type=\"widget\" data-widget_type=\"image.default\">\n\t\t\t\t<div class=\"elementor-widget-container\">\n\t\t\t\t\t\t\t\t\t\t\t\t\t\t\t<img loading=\"lazy\" decoding=\"async\" width=\"500\" height=\"500\" src=\"https:\/\/marruecosrutas4x4.com\/wp-content\/uploads\/2024\/10\/maruecos-rutas-4.png\" class=\"attachment-large size-large wp-image-32842\" alt=\"\" srcset=\"https:\/\/marruecosrutas4x4.com\/wp-content\/uploads\/2024\/10\/maruecos-rutas-4.png 500w, https:\/\/marruecosrutas4x4.com\/wp-content\/uploads\/2024\/10\/maruecos-rutas-4-300x300.png 300w, https:\/\/marruecosrutas4x4.com\/wp-content\/uploads\/2024\/10\/maruecos-rutas-4-150x150.png 150w, https:\/\/marruecosrutas4x4.com\/wp-content\/uploads\/2024\/10\/maruecos-rutas-4-100x100.png 100w, https:\/\/marruecosrutas4x4.com\/wp-content\/uploads\/2024\/10\/maruecos-rutas-4-450x450.png 450w\" sizes=\"(max-width: 500px) 100vw, 500px\" \/>\t\t\t\t\t\t\t\t\t\t\t\t\t\t\t<\/div>\n\t\t\t\t<\/div>\n\t\t\t\t<div class=\"elementor-element elementor-element-3e2a466 elementor-widget elementor-widget-text-editor\" data-id=\"3e2a466\" data-element_type=\"widget\" data-e-type=\"widget\" data-widget_type=\"text-editor.default\">\n\t\t\t\t<div class=\"elementor-widget-container\">\n\t\t\t\t\t\t\t\t\t<p>Visitar las aldeas bereberes de Marruecos ofrece una experiencia cultural \u00fanica y aut\u00e9ntica. Tendr\u00e1s la oportunidad de conocer al pueblo bereber, conocido por su c\u00e1lida hospitalidad, y aprender sobre sus antiguas tradiciones y estilo de vida. Ya sea compartiendo una comida tradicional, explorando sus hogares bellamente elaborados o escuchando historias transmitidas a lo largo de generaciones, una visita a estas aldeas proporciona una profunda visi\u00f3n del rico patrimonio de las comunidades ind\u00edgenas de Marruecos.  <\/p>\n\t\t\t\t\t\t\t\t<\/div>\n\t\t\t\t<\/div>\n\t\t\t\t\t<\/div>\n\t\t<\/div>\n\t\t\t\t<div class=\"elementor-column elementor-col-50 elementor-top-column elementor-element elementor-element-7263bd3\" data-id=\"7263bd3\" data-element_type=\"column\" data-e-type=\"column\">\n\t\t\t<div class=\"elementor-widget-wrap elementor-element-populated\">\n\t\t\t\t\t\t<div class=\"elementor-element elementor-element-d9bf732 elementor-widget elementor-widget-image\" data-id=\"d9bf732\" data-element_type=\"widget\" data-e-type=\"widget\" data-widget_type=\"image.default\">\n\t\t\t\t<div class=\"elementor-widget-container\">\n\t\t\t\t\t\t\t\t\t\t\t\t\t\t\t<img loading=\"lazy\" decoding=\"async\" width=\"500\" height=\"500\" src=\"https:\/\/marruecosrutas4x4.com\/wp-content\/uploads\/2024\/10\/maruecos-rutas-1.png\" class=\"attachment-large size-large wp-image-32839\" alt=\"\" srcset=\"https:\/\/marruecosrutas4x4.com\/wp-content\/uploads\/2024\/10\/maruecos-rutas-1.png 500w, https:\/\/marruecosrutas4x4.com\/wp-content\/uploads\/2024\/10\/maruecos-rutas-1-300x300.png 300w, https:\/\/marruecosrutas4x4.com\/wp-content\/uploads\/2024\/10\/maruecos-rutas-1-150x150.png 150w, https:\/\/marruecosrutas4x4.com\/wp-content\/uploads\/2024\/10\/maruecos-rutas-1-100x100.png 100w, https:\/\/marruecosrutas4x4.com\/wp-content\/uploads\/2024\/10\/maruecos-rutas-1-450x450.png 450w\" sizes=\"(max-width: 500px) 100vw, 500px\" \/>\t\t\t\t\t\t\t\t\t\t\t\t\t\t\t<\/div>\n\t\t\t\t<\/div>\n\t\t\t\t<div class=\"elementor-element elementor-element-57def5f elementor-widget elementor-widget-text-editor\" data-id=\"57def5f\" data-element_type=\"widget\" data-e-type=\"widget\" data-widget_type=\"text-editor.default\">\n\t\t\t\t<div class=\"elementor-widget-container\">\n\t\t\t\t\t\t\t\t\t<p>Para los amantes de la adrenalina, nuestras aventuras en quad en los desiertos de Merzouga y Marrakech ofrecen una forma emocionante de explorar los impresionantes paisajes de Marruecos. Siente la adrenalina mientras recorres las doradas dunas y el terreno accidentado, experimentando la belleza pura del desierto de cerca. Ya sea navegando por las amplias arenas del Sahara o por los senderos rocosos cerca de Marrakech, esta actividad de alta energ\u00eda proporciona una aventura en el desierto inolvidable para todas las edades.  <\/p>\n\t\t\t\t\t\t\t\t<\/div>\n\t\t\t\t<\/div>\n\t\t\t\t\t<\/div>\n\t\t<\/div>\n\t\t\t\t\t<\/div>\n\t\t<\/section>\n\t\t\t\t<section class=\"elementor-section elementor-top-section elementor-element elementor-element-dfec588 elementor-section-boxed elementor-section-height-default elementor-section-height-default\" data-id=\"dfec588\" data-element_type=\"section\" data-e-type=\"section\">\n\t\t\t\t\t\t<div class=\"elementor-container elementor-column-gap-default\">\n\t\t\t\t\t<div class=\"elementor-column elementor-col-50 elementor-top-column elementor-element elementor-element-dc0f099\" data-id=\"dc0f099\" data-element_type=\"column\" data-e-type=\"column\">\n\t\t\t<div class=\"elementor-widget-wrap elementor-element-populated\">\n\t\t\t\t\t\t<div class=\"elementor-element elementor-element-ebbcfdd elementor-widget elementor-widget-image\" data-id=\"ebbcfdd\" data-element_type=\"widget\" data-e-type=\"widget\" data-widget_type=\"image.default\">\n\t\t\t\t<div class=\"elementor-widget-container\">\n\t\t\t\t\t\t\t\t\t\t\t\t\t\t\t<img loading=\"lazy\" decoding=\"async\" width=\"500\" height=\"500\" src=\"https:\/\/marruecosrutas4x4.com\/wp-content\/uploads\/2024\/10\/maruecos-rutas-3.png\" class=\"attachment-large size-large wp-image-32841\" alt=\"\" srcset=\"https:\/\/marruecosrutas4x4.com\/wp-content\/uploads\/2024\/10\/maruecos-rutas-3.png 500w, https:\/\/marruecosrutas4x4.com\/wp-content\/uploads\/2024\/10\/maruecos-rutas-3-300x300.png 300w, https:\/\/marruecosrutas4x4.com\/wp-content\/uploads\/2024\/10\/maruecos-rutas-3-150x150.png 150w, https:\/\/marruecosrutas4x4.com\/wp-content\/uploads\/2024\/10\/maruecos-rutas-3-100x100.png 100w, https:\/\/marruecosrutas4x4.com\/wp-content\/uploads\/2024\/10\/maruecos-rutas-3-450x450.png 450w\" sizes=\"(max-width: 500px) 100vw, 500px\" \/>\t\t\t\t\t\t\t\t\t\t\t\t\t\t\t<\/div>\n\t\t\t\t<\/div>\n\t\t\t\t\t<\/div>\n\t\t<\/div>\n\t\t\t\t<div class=\"elementor-column elementor-col-50 elementor-top-column elementor-element elementor-element-192a0c5\" data-id=\"192a0c5\" data-element_type=\"column\" data-e-type=\"column\">\n\t\t\t<div class=\"elementor-widget-wrap elementor-element-populated\">\n\t\t\t\t\t\t<div class=\"elementor-element elementor-element-3a23f79 elementor-widget elementor-widget-image\" data-id=\"3a23f79\" data-element_type=\"widget\" data-e-type=\"widget\" data-widget_type=\"image.default\">\n\t\t\t\t<div class=\"elementor-widget-container\">\n\t\t\t\t\t\t\t\t\t\t\t\t\t\t\t<img loading=\"lazy\" decoding=\"async\" width=\"500\" height=\"500\" src=\"https:\/\/marruecosrutas4x4.com\/wp-content\/uploads\/2024\/10\/maruecos-rutas-7.png\" class=\"attachment-large size-large wp-image-32845\" alt=\"\" srcset=\"https:\/\/marruecosrutas4x4.com\/wp-content\/uploads\/2024\/10\/maruecos-rutas-7.png 500w, https:\/\/marruecosrutas4x4.com\/wp-content\/uploads\/2024\/10\/maruecos-rutas-7-300x300.png 300w, https:\/\/marruecosrutas4x4.com\/wp-content\/uploads\/2024\/10\/maruecos-rutas-7-150x150.png 150w, https:\/\/marruecosrutas4x4.com\/wp-content\/uploads\/2024\/10\/maruecos-rutas-7-100x100.png 100w, https:\/\/marruecosrutas4x4.com\/wp-content\/uploads\/2024\/10\/maruecos-rutas-7-450x450.png 450w\" sizes=\"(max-width: 500px) 100vw, 500px\" \/>\t\t\t\t\t\t\t\t\t\t\t\t\t\t\t<\/div>\n\t\t\t\t<\/div>\n\t\t\t\t\t<\/div>\n\t\t<\/div>\n\t\t\t\t\t<\/div>\n\t\t<\/section>\n\t\t\t\t<section class=\"elementor-section elementor-top-section elementor-element elementor-element-60c7416 elementor-section-boxed elementor-section-height-default elementor-section-height-default\" data-id=\"60c7416\" data-element_type=\"section\" data-e-type=\"section\">\n\t\t\t\t\t\t<div class=\"elementor-container elementor-column-gap-default\">\n\t\t\t\t\t<div class=\"elementor-column elementor-col-100 elementor-top-column elementor-element elementor-element-76b239f\" data-id=\"76b239f\" data-element_type=\"column\" data-e-type=\"column\">\n\t\t\t<div class=\"elementor-widget-wrap elementor-element-populated\">\n\t\t\t\t\t\t<div class=\"elementor-element elementor-element-0e5af83 elementor-widget elementor-widget-text-editor\" data-id=\"0e5af83\" data-element_type=\"widget\" data-e-type=\"widget\" data-widget_type=\"text-editor.default\">\n\t\t\t\t<div class=\"elementor-widget-container\">\n\t\t\t\t\t\t\t\t\t<div class=\"flex max-w-full flex-col flex-grow\">\n<div class=\"min-h-8 text-message flex w-full flex-col items-end gap-2 whitespace-normal break-words [.text-message+&amp;]:mt-5\" dir=\"auto\" data-message-author-role=\"assistant\" data-message-id=\"5870bda9-e4d6-45d5-a67f-c6aef53ff9d6\" data-message-model-slug=\"gpt-4o\">\n<div class=\"flex w-full flex-col gap-1 empty:hidden first:pt-[3px]\">\n<div class=\"markdown prose w-full break-words dark:prose-invert light\">\n<p>Nuestros tours est\u00e1n llenos de actividades incre\u00edbles, divertidas y amigables que traen alegr\u00eda a cada viajero. Ya sea bailando al ritmo de la m\u00fasica tradicional marroqu\u00ed, disfrutando de los mercados animados o participando en experiencias pr\u00e1cticas como clases de cocina o talleres de artesan\u00eda, hay algo para todos. Cada actividad est\u00e1 dise\u00f1ada para crear recuerdos duraderos, fomentar conexiones con los locales y asegurar que cada momento de tu viaje est\u00e9 lleno de felicidad y emoci\u00f3n.  <\/p>\n<\/div>\n<\/div>\n<\/div>\n<\/div>\n\t\t\t\t\t\t\t\t<\/div>\n\t\t\t\t<\/div>\n\t\t\t\t\t<\/div>\n\t\t<\/div>\n\t\t\t\t\t<\/div>\n\t\t<\/section>\n\t\t\t\t<\/div>\n\t\t","protected":false},"excerpt":{"rendered":"<p>Nos aseguramos de que nuestros viajeros experimenten los mejores alojamientos que Marruecos tiene para ofrecer, desde hoteles de lujo hasta aut\u00e9nticas kasbahs. Cada estancia es cuidadosamente seleccionada para brindar comodidad, elegancia y un verdadero sabor de la hospitalidad marroqu\u00ed, creando momentos inolvidables de relajaci\u00f3n en medio de la rica cultura y los impresionantes paisajes del [&hellip;]<\/p>\n","protected":false},"author":1,"featured_media":0,"parent":0,"menu_order":0,"comment_status":"closed","ping_status":"closed","template":"","meta":{"inline_featured_image":false,"footnotes":""},"class_list":["post-33173","page","type-page","status-publish","hentry"],"_links":{"self":[{"href":"https:\/\/marruecosrutas4x4.com\/es\/wp-json\/wp\/v2\/pages\/33173","targetHints":{"allow":["GET"]}}],"collection":[{"href":"https:\/\/marruecosrutas4x4.com\/es\/wp-json\/wp\/v2\/pages"}],"about":[{"href":"https:\/\/marruecosrutas4x4.com\/es\/wp-json\/wp\/v2\/types\/page"}],"author":[{"embeddable":true,"href":"https:\/\/marruecosrutas4x4.com\/es\/wp-json\/wp\/v2\/users\/1"}],"replies":[{"embeddable":true,"href":"https:\/\/marruecosrutas4x4.com\/es\/wp-json\/wp\/v2\/comments?post=33173"}],"version-history":[{"count":4,"href":"https:\/\/marruecosrutas4x4.com\/es\/wp-json\/wp\/v2\/pages\/33173\/revisions"}],"predecessor-version":[{"id":33385,"href":"https:\/\/marruecosrutas4x4.com\/es\/wp-json\/wp\/v2\/pages\/33173\/revisions\/33385"}],"wp:attachment":[{"href":"https:\/\/marruecosrutas4x4.com\/es\/wp-json\/wp\/v2\/media?parent=33173"}],"curies":[{"name":"wp","href":"https:\/\/api.w.org\/{rel}","templated":true}]}}